{"id":1124,"date":"2013-03-25T07:39:14","date_gmt":"2013-03-25T07:39:14","guid":{"rendered":"http:\/\/www.galeriemoniquevandooren.fr\/?page_id=1124"},"modified":"2015-12-02T16:39:47","modified_gmt":"2015-12-02T16:39:47","slug":"press","status":"publish","type":"page","link":"https:\/\/www.galeriemoniquevandooren.fr\/?page_id=1124","title":{"rendered":"Presse"},"content":{"rendered":"<p>Monique Vandooren s&rsquo;\u00e9panouit dans sa vie d&rsquo;artiste<br \/>\nPloeuc-sur-Li\u00e9 &#8211; 23 Juillet<br \/>\nOuest France<\/p>\n<p>Monique Vandooren aime les couleurs, les pinceaux, la peinture. L&rsquo;artiste ploeucoise, ancienne enseignante en arts plastiques \u00e0 la retraite, a d\u00e9sormais le temps de s&rsquo;adonner \u00e0 sa passion.<\/p>\n<p>Du r\u00e9alisme \u00e0 l&rsquo;imaginaire<\/p>\n<p>C&rsquo;est au coll\u00e8ge public que sa professeure de dessin, Mme Gibelin, remarque les aptitudes de la jeune fille. Un excellent coup de crayon, une \u00e9tonnante facilit\u00e9 \u00e0 reproduire le r\u00e9el. Mais, l&rsquo;art ne nourrit pas un homme, alors Monique poursuit des \u00e9tudes classiques et enseignera le fran\u00e7ais et l&rsquo;anglais avant de revenir \u00e0 ses premi\u00e8res amours : les arts plastiques.<\/p>\n<p>Ses aptitudes en dessin se doublent d&rsquo;une oreille musicale. \u00c0 ses moments libres, elle peint : natures mortes, paysages, marines, portraits sur commande. Ses oeuvres sont saisissantes de r\u00e9alisme, dignes du meilleur objectif Leica.<\/p>\n<p>Les ann\u00e9es passent, elle trouve que le figuratif est un peu r\u00e9ducteur. \u00c0 la retraite, elle a du temps et elle ne pose plus son chevalet pour traduire le r\u00e9el, mais pour imaginer des personnages, des formes, des paysages imaginaires : \u00ab Je cr\u00e9e d\u00e9sormais au gr\u00e9 de mon imagination ; j&rsquo;y vois ceci, cela, et le quidam peut y voir tout autre chose. \u00bb Et ce revirement fonctionne.<\/p>\n<p>Un opuscule en septembre<\/p>\n<p>Depuis le d\u00e9but de l&rsquo;ann\u00e9e, plusieurs convives de l&rsquo;Aromatic o\u00f9 elle expose ont eu le coup de coeur pour ses r\u00e9alisations. L&rsquo;artiste est visiblement \u00e0 un tournant.<\/p>\n<p>L&rsquo;id\u00e9e n&rsquo;est pas d&rsquo;elle mais de son entourage. Une vingtaine de ses toiles vont \u00eatre compuls\u00e9es dans un opuscule avec, pour chaque tableau, un commentaire r\u00e9dig\u00e9 par des personnes diff\u00e9rentes. Amis, auteurs, peintres, membres de la famille.<\/p>\n<p>En fran\u00e7ais bien s\u00fbr mais aussi en anglais, hollandais et m\u00eame en mandarin. Ce livret para\u00eetra en septembre, alors que Monique sera en r\u00e9sidence d&rsquo;artiste \u00e0 Moncontour. Le week-end dernier, elle \u00e9tait \u00e0 Pont-Aven o\u00f9 elle expose souvent. Mais cette fois c&rsquo;\u00e9tait pour assister \u00e0 un concert d&rsquo;une de ses filles.<\/p>\n<p>Dans la famille Van Dooren, du sang d&rsquo;artiste coule dans les veines de chacun des membres.<\/p>\n<p><a href=\"http:\/\/www.galeriemoniquevandooren.fr\/wp-content\/uploads\/2013\/03\/press0031.gif\"><img loading=\"lazy\" decoding=\"async\" class=\"alignnone size-full wp-image-1132\" src=\"http:\/\/www.galeriemoniquevandooren.fr\/wp-content\/uploads\/2013\/03\/press0031.gif\" alt=\"press003\" width=\"788\" height=\"683\" \/><\/a><a href=\"http:\/\/www.galeriemoniquevandooren.fr\/wp-content\/uploads\/2013\/03\/press004.gif\"><img loading=\"lazy\" decoding=\"async\" class=\"alignnone size-full wp-image-1134\" src=\"http:\/\/www.galeriemoniquevandooren.fr\/wp-content\/uploads\/2013\/03\/press004.gif\" alt=\"press004\" width=\"1578\" height=\"1104\" \/><\/a><\/p>\n","protected":false},"excerpt":{"rendered":"<p>Monique Vandooren s&rsquo;\u00e9panouit dans sa vie d&rsquo;artiste Ploeuc-sur-Li\u00e9 &#8211; 23 Juillet Ouest France Monique Vandooren aime les couleurs, les pinceaux, la peinture. L&rsquo;artiste ploeucoise, ancienne enseignante en arts plastiques \u00e0 la retraite, a d\u00e9sormais le temps de s&rsquo;adonner \u00e0 sa passion. Du r\u00e9alisme \u00e0 l&rsquo;imaginaire C&rsquo;est au coll\u00e8ge public que sa professeure de dessin, Mme&hellip; <a class=\"more-link\" href=\"https:\/\/www.galeriemoniquevandooren.fr\/?page_id=1124\">Poursuivre la lecture <span class=\"screen-reader-text\">Presse<\/span><\/a><\/p>\n","protected":false},"author":1,"featured_media":0,"parent":0,"menu_order":6,"comment_status":"open","ping_status":"open","template":"","meta":{"_monsterinsights_skip_tracking":false,"_monsterinsights_sitenote_active":false,"_monsterinsights_sitenote_note":"","_monsterinsights_sitenote_category":0,"footnotes":""},"class_list":["post-1124","page","type-page","status-publish","hentry","entry"],"_links":{"self":[{"href":"https:\/\/www.galeriemoniquevandooren.fr\/index.php?rest_route=\/wp\/v2\/pages\/1124","targetHints":{"allow":["GET"]}}],"collection":[{"href":"https:\/\/www.galeriemoniquevandooren.fr\/index.php?rest_route=\/wp\/v2\/pages"}],"about":[{"href":"https:\/\/www.galeriemoniquevandooren.fr\/index.php?rest_route=\/wp\/v2\/types\/page"}],"author":[{"embeddable":true,"href":"https:\/\/www.galeriemoniquevandooren.fr\/index.php?rest_route=\/wp\/v2\/users\/1"}],"replies":[{"embeddable":true,"href":"https:\/\/www.galeriemoniquevandooren.fr\/index.php?rest_route=%2Fwp%2Fv2%2Fcomments&post=1124"}],"version-history":[{"count":12,"href":"https:\/\/www.galeriemoniquevandooren.fr\/index.php?rest_route=\/wp\/v2\/pages\/1124\/revisions"}],"predecessor-version":[{"id":1133,"href":"https:\/\/www.galeriemoniquevandooren.fr\/index.php?rest_route=\/wp\/v2\/pages\/1124\/revisions\/1133"}],"wp:attachment":[{"href":"https:\/\/www.galeriemoniquevandooren.fr\/index.php?rest_route=%2Fwp%2Fv2%2Fmedia&parent=1124"}],"curies":[{"name":"wp","href":"https:\/\/api.w.org\/{rel}","templated":true}]}}