{"id":145,"date":"2012-01-06T14:55:33","date_gmt":"2012-01-06T14:55:33","guid":{"rendered":"http:\/\/www.galeriemoniquevandooren.fr\/?page_id=145"},"modified":"2021-11-20T16:16:17","modified_gmt":"2021-11-20T16:16:17","slug":"exposition","status":"publish","type":"page","link":"https:\/\/www.galeriemoniquevandooren.fr\/?page_id=145","title":{"rendered":"Expositions"},"content":{"rendered":"<p>Exposition Ploeuc sur Li\u00e9 &nbsp; &nbsp; &nbsp; Biblioth\u00e8que Municipale &nbsp;de 18 janvier au 20 f\u00e9vrier 2012<\/p>\n<p>Exposition Ploeuc sur Li\u00e9 &nbsp; &nbsp; &nbsp; Talents d&rsquo;hiver Salle municipale les 25 et 26 f\u00e9vrier 2012<\/p>\n<p>Porte ouverte 9-11 novembre 2012<a href=\"http:\/\/www.galeriemoniquevandooren.fr\/wp-content\/uploads\/2012\/01\/expo1.jpg\"><img loading=\"lazy\" decoding=\"async\" class=\"alignnone size-full wp-image-1136\" src=\"http:\/\/www.galeriemoniquevandooren.fr\/wp-content\/uploads\/2012\/01\/expo1.jpg\" alt=\"expo1\" width=\"665\" height=\"441\"><\/a><\/p>\n<p>Exposition Plaintel Les Z&rsquo;arts \u00e0 Plaintel, Salle des F\u00eates Plaintel le 12-13-14 avril 2013<\/p>\n<p>Exposition Oosterhout (Pays Bas) Studio Dries Oomen de 26 avril au 14 juin 2013<\/p>\n<p>Exposition Plaintel M\u00e9diath\u00e8que Plaintel de 17 mai au 15 juin 2013<\/p>\n<p>Exposition Pont Aven Galerie Collections Priv\u00e9es saison \u00e9t\u00e9 2013<\/p>\n<p>Exposition Restaurant l&rsquo;Aromatic Ploeuc sur Li\u00e9 ( www.laromatic.fr ) l&rsquo;automne et hiver 2013-2015-2016<\/p>\n<p>Exposition La R\u00e9sidence de Arts Moncontour &nbsp;du 7 au 30 septembre 2015<\/p>\n<p>Exposition Salon d&rsquo;automne Robien \u00e0 Saint Brieuc comme invit\u00e9 d&rsquo;honneur &nbsp;28 * 29 novembre 2015<\/p>\n<p>Exposition Galerie d&rsquo;Art Municipale Erquy 2 * 10 juillet 20<\/p>\n<p>Exposition Les salles des r\u00e9gates Pl\u00e9neuf VAL Andr\u00e9 5 * 12 septembre 2016<\/p>\n<p style=\"text-align: center;\">\n<\/p><p style=\"text-align: left;\">Biennale Salle Robien SAINT BRIEUC &nbsp;janvier 2017<\/p>\n<p style=\"text-align: left;\">Expo Accalmie PLOUBAZLANEC Salle de f\u00eate de Longuivy de la mer du 8 au 25 septembre 2017<\/p>\n<p style=\"text-align: left;\">Exposition PLENEUF-VAL-ANDRE &nbsp; &nbsp; &nbsp;Salle des REGATES &nbsp; le 11 au 19 novembre 2017 &nbsp;inclus<\/p>\n<p style=\"text-align: center;\"><\/p>\n\n\n<figure class=\"wp-block-image size-large\"><img decoding=\"async\" src=\"https:\/\/www.galeriemoniquevandooren.fr\/wp-content\/uploads\/2021\/11\/img20211119_18454481-424x600.jpg\" alt=\"\" class=\"wp-image-2705\"\/><\/figure>\n","protected":false},"excerpt":{"rendered":"<p>Exposition Ploeuc sur Li\u00e9 &nbsp; &nbsp; &nbsp; Biblioth\u00e8que Municipale &nbsp;de 18 janvier au 20 f\u00e9vrier 2012 Exposition Ploeuc sur Li\u00e9 &nbsp; &nbsp; &nbsp; Talents d&rsquo;hiver Salle municipale les 25 et 26 f\u00e9vrier 2012 Porte ouverte 9-11 novembre 2012 Exposition Plaintel Les Z&rsquo;arts \u00e0 Plaintel, Salle des F\u00eates Plaintel le 12-13-14 avril 2013 Exposition Oosterhout (Pays&hellip; <a class=\"more-link\" href=\"https:\/\/www.galeriemoniquevandooren.fr\/?page_id=145\">Poursuivre la lecture <span class=\"screen-reader-text\">Expositions<\/span><\/a><\/p>\n","protected":false},"author":1,"featured_media":0,"parent":0,"menu_order":4,"comment_status":"closed","ping_status":"closed","template":"","meta":{"_monsterinsights_skip_tracking":false,"_monsterinsights_sitenote_active":false,"_monsterinsights_sitenote_note":"","_monsterinsights_sitenote_category":0,"footnotes":""},"class_list":["post-145","page","type-page","status-publish","hentry","entry"],"_links":{"self":[{"href":"https:\/\/www.galeriemoniquevandooren.fr\/index.php?rest_route=\/wp\/v2\/pages\/145","targetHints":{"allow":["GET"]}}],"collection":[{"href":"https:\/\/www.galeriemoniquevandooren.fr\/index.php?rest_route=\/wp\/v2\/pages"}],"about":[{"href":"https:\/\/www.galeriemoniquevandooren.fr\/index.php?rest_route=\/wp\/v2\/types\/page"}],"author":[{"embeddable":true,"href":"https:\/\/www.galeriemoniquevandooren.fr\/index.php?rest_route=\/wp\/v2\/users\/1"}],"replies":[{"embeddable":true,"href":"https:\/\/www.galeriemoniquevandooren.fr\/index.php?rest_route=%2Fwp%2Fv2%2Fcomments&post=145"}],"version-history":[{"count":32,"href":"https:\/\/www.galeriemoniquevandooren.fr\/index.php?rest_route=\/wp\/v2\/pages\/145\/revisions"}],"predecessor-version":[{"id":2706,"href":"https:\/\/www.galeriemoniquevandooren.fr\/index.php?rest_route=\/wp\/v2\/pages\/145\/revisions\/2706"}],"wp:attachment":[{"href":"https:\/\/www.galeriemoniquevandooren.fr\/index.php?rest_route=%2Fwp%2Fv2%2Fmedia&parent=145"}],"curies":[{"name":"wp","href":"https:\/\/api.w.org\/{rel}","templated":true}]}}