{"id":1473,"date":"2013-11-05T13:04:02","date_gmt":"2013-11-05T13:04:02","guid":{"rendered":"http:\/\/www.galeriemoniquevandooren.fr\/?page_id=1473"},"modified":"2024-02-22T12:38:58","modified_gmt":"2024-02-22T12:38:58","slug":"galerie","status":"publish","type":"page","link":"https:\/\/www.galeriemoniquevandooren.fr\/","title":{"rendered":"Monique VAN DOOREN"},"content":{"rendered":"\n<h2 class=\"wp-block-heading has-text-align-center\"><em>Poussi\u00e8res d&rsquo;\u00e9toiles<\/em><\/h2>\n\n\n\n<h4 class=\"wp-block-heading\"><\/h4>\n\n\n\n<h4 class=\"wp-block-heading\"><span style=\"color: #003300;\"><script type=\"text\/javascript\">\/\/ <![CDATA[\n(function(i,s,o,g,r,a,m){i['GoogleAnalyticsObject']=r;i[r]=i[r]||function(){   (i[r].q=i[r].q||[]).push(arguments)},i[r].l=1*new Date();a=s.createElement(o),   m=s.getElementsByTagName(o)[0];a.async=1;a.src=g;m.parentNode.insertBefore(a,m)   })(window,document,'script','\/\/www.google-analytics.com\/analytics.js','ga');    ga('create', 'UA-20424436-4', 'galeriemoniquevandooren.fr');   ga('send', 'pageview');<br \/>\n\/\/ ]]><\/script><\/span><span style=\"color: #333300;\"><span style=\"color: #ffff99;\">\u00ab\u00a0<\/span><em>Monique Van Dooren peint comme elle vit : simplement, profond\u00e9ment. Elle s&rsquo;immerge dans le flot de la nature o\u00f9 elle se ressource, o\u00f9 elle questionne l&rsquo;\u00eatre et sa complexit\u00e9, o\u00f9 elle s&rsquo;unit \u00e0 ses v\u00e9rit\u00e9s, ses silences, ses forces, ses vibrations. La pratique de l&rsquo;art est choix de la vie, elle n&rsquo;est pas seulement mani\u00e8re de faire comme dans sa premi\u00e8re acceptation ; elle est volont\u00e9 d\u00e9cid\u00e9e, engag\u00e9e dans une voie sensible, riche. Cet acte exigeant implique de laisser l&rsquo;intellect pour le ressenti, l&rsquo;analyse pour l&rsquo;intuition, l&rsquo;\u00e9vidence pour le myst\u00e9rieux, le quotidien pour le merveilleux : L&rsquo;irrationnel vaut d&rsquo;\u00eatre tent\u00e9.<\/em><\/span><br><span style=\"color: #333300;\"><em><span style=\"color: #ffff99;\"><span style=\"color: #333300;\">C&rsquo;est sur ce g\u00e9n\u00e9reux chemin de tous les liens, de tous les possibles, de toutes les audaces, que le peintre<\/span> <span style=\"color: #333300;\">rencontre et d\u00e9livre sa v\u00e9rit\u00e9&nbsp;int\u00e9rieure, son esth\u00e9tique&nbsp;qui est acte de foi et de vie. Recherches, labeur obstin\u00e9, questionnement, concentration, choix sans complaisances, et voici l&rsquo;\u0153uvre&nbsp;achev\u00e9e apr\u00e8s un long voyage dans les nuances et les m\u00e9andres de la<\/span> <span style=\"color: #003300;\">psych\u00e9 ; voici la peinture aboutie et rien en elle qui puisse \u00eatre soustrait ou ajout\u00e9 \u00e0 l&rsquo;issue d&rsquo;un profond acte r\u00e9flexif et critique, de multiples gestes d\u00e9licats et<\/span> <span style=\"color: #003300;\">d\u00e9cisifs, subtils et courageux.<\/span><\/span><\/em><\/span><br><span style=\"color: #333300;\"><em>\u00a0\u00bb <\/em><\/span><\/h4>\n\n\n\n<h4 class=\"wp-block-heading\"><span style=\"color: #333300;\"><em>Bernard Legendre<\/em><\/span><\/h4>\n\n\n\n<h4 class=\"wp-block-heading\"><span style=\"color: #333300;\"><em>&nbsp;<\/em><\/span><\/h4>\n","protected":false},"excerpt":{"rendered":"<p>Poussi\u00e8res d&rsquo;\u00e9toiles \u00ab\u00a0Monique Van Dooren peint comme elle vit : simplement, profond\u00e9ment. Elle s&rsquo;immerge dans le flot de la nature o\u00f9 elle se ressource, o\u00f9 elle questionne l&rsquo;\u00eatre et sa complexit\u00e9, o\u00f9 elle s&rsquo;unit \u00e0 ses v\u00e9rit\u00e9s, ses silences, ses forces, ses vibrations. La pratique de l&rsquo;art est choix de la vie, elle n&rsquo;est pas&hellip; <a class=\"more-link\" href=\"https:\/\/www.galeriemoniquevandooren.fr\/\">Poursuivre la lecture <span class=\"screen-reader-text\">Monique VAN DOOREN<\/span><\/a><\/p>\n","protected":false},"author":1,"featured_media":0,"parent":0,"menu_order":1,"comment_status":"closed","ping_status":"closed","template":"","meta":{"_monsterinsights_skip_tracking":false,"_monsterinsights_sitenote_active":false,"_monsterinsights_sitenote_note":"","_monsterinsights_sitenote_category":0,"footnotes":""},"class_list":["post-1473","page","type-page","status-publish","hentry","entry"],"_links":{"self":[{"href":"https:\/\/www.galeriemoniquevandooren.fr\/index.php?rest_route=\/wp\/v2\/pages\/1473","targetHints":{"allow":["GET"]}}],"collection":[{"href":"https:\/\/www.galeriemoniquevandooren.fr\/index.php?rest_route=\/wp\/v2\/pages"}],"about":[{"href":"https:\/\/www.galeriemoniquevandooren.fr\/index.php?rest_route=\/wp\/v2\/types\/page"}],"author":[{"embeddable":true,"href":"https:\/\/www.galeriemoniquevandooren.fr\/index.php?rest_route=\/wp\/v2\/users\/1"}],"replies":[{"embeddable":true,"href":"https:\/\/www.galeriemoniquevandooren.fr\/index.php?rest_route=%2Fwp%2Fv2%2Fcomments&post=1473"}],"version-history":[{"count":37,"href":"https:\/\/www.galeriemoniquevandooren.fr\/index.php?rest_route=\/wp\/v2\/pages\/1473\/revisions"}],"predecessor-version":[{"id":2757,"href":"https:\/\/www.galeriemoniquevandooren.fr\/index.php?rest_route=\/wp\/v2\/pages\/1473\/revisions\/2757"}],"wp:attachment":[{"href":"https:\/\/www.galeriemoniquevandooren.fr\/index.php?rest_route=%2Fwp%2Fv2%2Fmedia&parent=1473"}],"curies":[{"name":"wp","href":"https:\/\/api.w.org\/{rel}","templated":true}]}}